{"id":1973,"date":"2025-09-09T15:06:53","date_gmt":"2025-09-09T15:06:53","guid":{"rendered":"https:\/\/lambdastaging.es\/?post_type=product&#038;p=1973"},"modified":"2025-11-13T07:58:40","modified_gmt":"2025-11-13T07:58:40","slug":"thinkeasy-battery-test-clip-2-comprobador-de-baterias-de-coche-con-bluetooth-5-0-y-aplicacion-movil-comprobador-de-alternador-para-automovil","status":"publish","type":"product","link":"https:\/\/thinkcareurope.com\/pt\/produto\/thinkeasy-battery-test-clip-2-comprobador-de-baterias-de-coche-con-bluetooth-5-0-y-aplicacion-movil-comprobador-de-alternador-para-automovil\/","title":{"rendered":"THINKEASY BATTERY TEST CLIP 2 &#8211; Comprobador de bater\u00edas de coche con Bluetooth 5.0 y aplicaci\u00f3n m\u00f3vil + comprobador de alternador para autom\u00f3vil"},"content":{"rendered":"<div data-elementor-type=\"product-post\" data-elementor-id=\"1973\" class=\"elementor elementor-1973\" data-elementor-post-type=\"product\">\n\t\t\t\t\t\t<section class=\"elementor-section elementor-top-section elementor-element elementor-element-a061137 elementor-section-boxed elementor-section-height-default elementor-section-height-default\" data-id=\"a061137\" data-element_type=\"section\" data-e-type=\"section\">\n\t\t\t\t\t\t<div class=\"elementor-container elementor-column-gap-default\">\n\t\t\t\t\t<div class=\"elementor-column elementor-col-100 elementor-top-column elementor-element elementor-element-250c82e\" data-id=\"250c82e\" data-element_type=\"column\" data-e-type=\"column\">\n\t\t\t<div class=\"elementor-widget-wrap elementor-element-populated\">\n\t\t\t\t\t\t<div class=\"elementor-element elementor-element-b9f8622 elementor-widget elementor-widget-html\" data-id=\"b9f8622\" data-element_type=\"widget\" data-e-type=\"widget\" data-widget_type=\"html.default\">\n\t\t\t\t<div class=\"elementor-widget-container\">\n\t\t\t\t\t<!-- THINKCAR THINKEASY V2 | Descripci\u00f3n + Especificaciones -->\r\n<section class=\"product-desc\">\r\n  <header>\r\n    <h1>Thinkcar THINKEASY V2<\/h1>\r\n    <p class=\"sub\">Analizador de bater\u00edas 12V con Bluetooth 5.0 + APP | Test de arranque y carga<\/p>\r\n  <\/header>\r\n\r\n  <p class=\"intro\">\r\n    El <strong>THINKEASY V2<\/strong> es un <strong>probador de bater\u00edas 12V<\/strong> de \u00faltima generaci\u00f3n que conecta por\r\n    <strong>Bluetooth 5.0<\/strong> a la APP de Thinkcar para ofrecer <strong>diagn\u00f3stico r\u00e1pido y preciso<\/strong> del estado de la bater\u00eda,\r\n    sistema de arranque y sistema de carga. Compatible con los principales tipos y est\u00e1ndares de bater\u00eda, entrega\r\n    resultados fiables en segundos (hasta <strong>99,9% de precisi\u00f3n<\/strong>) con recomendaciones claras <strong>(Good \/ Recharge \/ Replace)<\/strong>.\r\n  <\/p>\r\n\r\n  <div class=\"features\">\r\n    <article>\r\n      <h3>\ud83d\udcf1 Bluetooth 5.0 + APP<\/h3>\r\n      <p>Conexi\u00f3n estable, menor consumo y <strong>panel de datos avanzado<\/strong> en el m\u00f3vil.<\/p>\r\n    <\/article>\r\n\r\n    <article>\r\n      <h3>\ud83d\udd0b Cobertura total 12V<\/h3>\r\n      <p>Medici\u00f3n de bater\u00edas de <strong>100\u20132000 CCA<\/strong>. Prueba de <strong>arranque<\/strong> y <strong>alternador\/carga<\/strong>.<\/p>\r\n    <\/article>\r\n\r\n    <article>\r\n      <h3>\ud83e\uddea Pruebas completas<\/h3>\r\n      <p><strong>Battery Health<\/strong>, <strong>Start System<\/strong>, <strong>Charging Health<\/strong> y registro de pruebas.<\/p>\r\n    <\/article>\r\n\r\n    <article>\r\n      <h3>\ud83e\udde0 Datos que importan<\/h3>\r\n      <p>Muestra <strong>SOH<\/strong>, <strong>SOC<\/strong>, <strong>CCA medido<\/strong>, <strong>CCA nominal<\/strong>, <strong>voltaje<\/strong> y <strong>resistencia interna<\/strong>.<\/p>\r\n    <\/article>\r\n\r\n    <article>\r\n      <h3>\ud83c\udf10 Multibater\u00eda + multiest\u00e1ndar<\/h3>\r\n      <p>Flooded, <strong>AGM (flat\/spiral)<\/strong>, <strong>EFB<\/strong>, <strong>GEL<\/strong>. Est\u00e1ndares: <strong>CCA<\/strong>, <strong>BCI<\/strong>, <strong>CA<\/strong>, <strong>MCA<\/strong>, <strong>JIS<\/strong>, <strong>DIN<\/strong>, <strong>IEC<\/strong>, <strong>EN<\/strong>, <strong>SAE<\/strong>.<\/p>\r\n    <\/article>\r\n\r\n    <article>\r\n      <h3>\ud83d\ude97 In-vehicle & out-of-vehicle<\/h3>\r\n      <p>Prueba la bater\u00eda <strong>montada o fuera del veh\u00edculo<\/strong>. Protecci\u00f3n por <strong>polaridad inversa<\/strong>.<\/p>\r\n    <\/article>\r\n\r\n    <article>\r\n      <h3>\ud83c\udf0d 7 idiomas<\/h3>\r\n      <p>Ingl\u00e9s, Espa\u00f1ol, Alem\u00e1n, Ruso, Italiano, Franc\u00e9s y Portugu\u00e9s.<\/p>\r\n    <\/article>\r\n  <\/div>\r\n<\/section>\r\n\r\n<section class=\"product-specs\">\r\n  <h2>Caracter\u00edsticas t\u00e9cnicas<\/h2>\r\n  <div class=\"specs\">\r\n    <table>\r\n      <tbody>\r\n        <tr><th>Tipo de equipo<\/th><td><strong>Analizador digital de bater\u00edas 12V con APP<\/strong><\/td><\/tr>\r\n        <tr><th>Comunicaci\u00f3n<\/th><td><strong>Bluetooth 5.0<\/strong> (APP Thinkcar)<\/td><\/tr>\r\n        <tr><th>Rango de bater\u00eda<\/th><td><strong>100 \u2013 2000 CCA<\/strong><\/td><\/tr>\r\n        <tr><th>Tipos de bater\u00eda<\/th><td>Flooded (convencional), <strong>AGM plana<\/strong>, <strong>AGM espiral<\/strong>, <strong>EFB<\/strong>, <strong>GEL<\/strong><\/td><\/tr>\r\n        <tr><th>Est\u00e1ndares soportados<\/th><td><strong>CCA, BCI, CA, MCA, JIS, DIN, IEC, EN, SAE<\/strong><\/td><\/tr>\r\n        <tr><th>Pruebas<\/th><td><strong>Battery Health<\/strong>, <strong>Start System<\/strong>, <strong>Charging Health<\/strong><\/td><\/tr>\r\n        <tr><th>Resultados mostrados<\/th><td><strong>SOH<\/strong>, <strong>SOC<\/strong>, <strong>CCA medido<\/strong>, <strong>CCA nominal<\/strong>, <strong>V<\/strong>, <strong>R interna<\/strong><\/td><\/tr>\r\n        <tr><th>Precisi\u00f3n<\/th><td>Hasta <strong>99,9%<\/strong> (resultado en segundos)<\/td><\/tr>\r\n        <tr><th>Modo de uso<\/th><td>Pruebas <strong>en el veh\u00edculo<\/strong> y <strong>fuera del veh\u00edculo<\/strong><\/td><\/tr>\r\n        <tr><th>Protecciones<\/th><td><strong>Inversi\u00f3n de polaridad<\/strong> (polarity reverse)<\/td><\/tr>\r\n        <tr><th>Aplicaciones<\/th><td>Talleres, f\u00e1bricas de autom\u00f3viles, fabricantes de bater\u00edas y <strong>DIY<\/strong><\/td><\/tr>\r\n        <tr><th>Compatibilidad<\/th><td>Turismos, <strong>camiones ligeros<\/strong>, <strong>motos<\/strong>, <strong>marino<\/strong>, SUV, etc.<\/td><\/tr>\r\n        <tr><th>Requisitos<\/th><td>APP Thinkcar (iOS\/Android), emparejamiento Bluetooth<\/td><\/tr>\r\n        <tr><th>Color<\/th><td>Rojo con negro<\/td><\/tr>\r\n      <\/tbody>\r\n    <\/table>\r\n  <\/div>\r\n<\/section>\r\n\r\n<style>\r\n\/* ===== Estilo consistente (oscuro + burdeos) ===== *\/\r\n.product-desc, .product-specs {\r\n  background: linear-gradient(180deg, rgba(255,255,255,0.02), rgba(0,0,0,0.15));\r\n  border: 1px solid rgba(255,255,255,0.1);\r\n  border-radius: 14px;\r\n  padding: 1.5rem;\r\n  margin: 1.5rem 0;\r\n  font-family: \"Montserrat\", system-ui, sans-serif;\r\n  color: #fff;\r\n}\r\n.product-desc header h1 { margin:0; font-size:clamp(1.6rem,1rem + 2vw,2rem); }\r\n.product-desc .sub { color:#ccc; margin:.2rem 0 1rem; }\r\n.product-desc .intro { font-size:1rem; line-height:1.6; margin-bottom:1.2rem; }\r\n\r\n.features { display:grid; gap:1.2rem; }\r\n.features article{\r\n  background: rgba(255,255,255,.05);\r\n  border: 1px solid rgba(255,255,255,.1);\r\n  border-radius: 10px;\r\n  padding: 1rem 1.2rem;\r\n  transition: background .3s ease, transform .2s ease;\r\n}\r\n.features article:hover{ background: rgba(255,255,255,.08); transform: translateY(-2px); }\r\n.features h3{ margin:0 0 .4rem; font-size:1.05rem; color:#fff; }\r\n.features p{ margin:0; color:#eee; line-height:1.55; }\r\n.features strong{ color:#B84B51; }\r\n\r\n.product-specs h2{ font-size:1.3rem; margin:1rem 0; }\r\n.product-specs table{ width:100%; border-collapse:collapse; }\r\n.product-specs th, .product-specs td{\r\n  padding:.75rem .9rem; border-bottom:1px solid rgba(255,255,255,.1); font-size:.95rem;\r\n}\r\n.product-specs th{ text-align:left; width:42%; color:#ccc; }\r\n.product-specs td{ color:#eee; }\r\n.product-specs td strong{ color:#B84B51; }\r\n\r\n\/* Responsive *\/\r\n@media (max-width:768px){\r\n  .product-desc, .product-specs{ padding:1.2rem; }\r\n  .product-desc header h1{ font-size:1.45rem; }\r\n  .features h3{ font-size:1rem; }\r\n  .features p, .product-specs th, .product-specs td{ font-size:.9rem; }\r\n}\r\n<\/style>\r\n\t\t\t\t<\/div>\n\t\t\t\t<\/div>\n\t\t\t\t\t<\/div>\n\t\t<\/div>\n\t\t\t\t\t<\/div>\n\t\t<\/section>\n\t\t\t\t<\/div>","protected":false},"excerpt":{"rendered":"<p>Thinkcar THINKEASY V2 Analizador de bater\u00edas 12V con Bluetooth 5.0 + APP | Test de arranque y carga El THINKEASY V2 es un probador de bater\u00edas 12V de \u00faltima generaci\u00f3n que conecta por Bluetooth 5.0 a la APP de Thinkcar para ofrecer diagn\u00f3stico r\u00e1pido y preciso del estado de la bater\u00eda, sistema de arranque y [&hellip;]<\/p>\n","protected":false},"featured_media":2180,"template":"","meta":{"site-sidebar-layout":"no-sidebar","site-content-layout":"page-builder","ast-site-content-layout":"full-width-container","site-content-style":"default","site-sidebar-style":"default","ast-global-header-display":"","ast-banner-title-visibility":"","ast-main-header-display":"","ast-hfb-above-header-display":"","ast-hfb-below-header-display":"","ast-hfb-mobile-header-display":"","site-post-title":"","ast-breadcrumbs-content":"","ast-featured-img":"disabled","footer-sml-layout":"","ast-disable-related-posts":"","theme-transparent-header-meta":"default","adv-header-id-meta":"","stick-header-meta":"default","header-above-stick-meta":"","header-main-stick-meta":"","header-below-stick-meta":"","astra-migrate-meta-layouts":"set","ast-page-background-enabled":"default","ast-page-background-meta":{"desktop":{"background-color":"var(--ast-global-color-4)","background-image":"","background-repeat":"repeat","background-position":"center center","background-size":"auto","background-attachment":"scroll","background-type":"","background-media":"","overlay-type":"","overlay-color":"","overlay-opacity":"","overlay-gradient":""},"tablet":{"background-color":"","background-image":"","background-repeat":"repeat","background-position":"center center","background-size":"auto","background-attachment":"scroll","background-type":"","background-media":"","overlay-type":"","overlay-color":"","overlay-opacity":"","overlay-gradient":""},"mobile":{"background-color":"","background-image":"","background-repeat":"repeat","background-position":"center center","background-size":"auto","background-attachment":"scroll","background-type":"","background-media":"","overlay-type":"","overlay-color":"","overlay-opacity":"","overlay-gradient":""}},"ast-content-background-meta":{"desktop":{"background-color":"var(--ast-global-color-5)","background-image":"","background-repeat":"repeat","background-position":"center center","background-size":"auto","background-attachment":"scroll","background-type":"","background-media":"","overlay-type":"","overlay-color":"","overlay-opacity":"","overlay-gradient":""},"tablet":{"background-color":"var(--ast-global-color-5)","background-image":"","background-repeat":"repeat","background-position":"center center","background-size":"auto","background-attachment":"scroll","background-type":"","background-media":"","overlay-type":"","overlay-color":"","overlay-opacity":"","overlay-gradient":""},"mobile":{"background-color":"var(--ast-global-color-5)","background-image":"","background-repeat":"repeat","background-position":"center center","background-size":"auto","background-attachment":"scroll","background-type":"","background-media":"","overlay-type":"","overlay-color":"","overlay-opacity":"","overlay-gradient":""}}},"product_brand":[],"product_cat":[57],"product_tag":[],"class_list":{"0":"post-1973","1":"product","2":"type-product","3":"status-publish","4":"has-post-thumbnail","6":"product_cat-equipos-y-accesorios","7":"desktop-align-center","8":"tablet-align-left","9":"mobile-align-left","10":"ast-product-gallery-layout-horizontal","11":"ast-product-gallery-with-no-image","12":"ast-product-tabs-layout-horizontal","14":"first","15":"instock","16":"shipping-taxable","17":"product-type-simple"},"yoast_head":"<!-- This site is optimized with the Yoast SEO plugin v27.4 - https:\/\/yoast.com\/product\/yoast-seo-wordpress\/ -->\n<title>THINKEASY BATTERY TEST CLIP 2 - Comprobador de bater\u00edas de coche con Bluetooth 5.0 y aplicaci\u00f3n m\u00f3vil + comprobador de alternador para autom\u00f3vil - THINKCAR Europe<\/title>\n<meta name=\"robots\" content=\"index, follow, max-snippet:-1, max-image-preview:large, max-video-preview:-1\" \/>\n<link rel=\"canonical\" href=\"https:\/\/thinkcareurope.com\/pt\/produto\/thinkeasy-battery-test-clip-2-comprobador-de-baterias-de-coche-con-bluetooth-5-0-y-aplicacion-movil-comprobador-de-alternador-para-automovil\/\" \/>\n<meta property=\"og:locale\" content=\"pt_PT\" \/>\n<meta property=\"og:type\" content=\"article\" \/>\n<meta property=\"og:title\" content=\"THINKEASY BATTERY TEST CLIP 2 - Comprobador de bater\u00edas de coche con Bluetooth 5.0 y aplicaci\u00f3n m\u00f3vil + comprobador de alternador para autom\u00f3vil - THINKCAR Europe\" \/>\n<meta property=\"og:description\" content=\"Thinkcar THINKEASY V2 Analizador de bater\u00edas 12V con Bluetooth 5.0 + APP | Test de arranque y carga El THINKEASY V2 es un probador de bater\u00edas 12V de \u00faltima generaci\u00f3n que conecta por Bluetooth 5.0 a la APP de Thinkcar para ofrecer diagn\u00f3stico r\u00e1pido y preciso del estado de la bater\u00eda, sistema de arranque y [&hellip;]\" \/>\n<meta property=\"og:url\" content=\"https:\/\/thinkcareurope.com\/pt\/produto\/thinkeasy-battery-test-clip-2-comprobador-de-baterias-de-coche-con-bluetooth-5-0-y-aplicacion-movil-comprobador-de-alternador-para-automovil\/\" \/>\n<meta property=\"og:site_name\" content=\"THINKCAR Europe\" \/>\n<meta property=\"article:publisher\" content=\"https:\/\/www.facebook.com\/EfiTaller\/\" \/>\n<meta property=\"article:modified_time\" content=\"2025-11-13T07:58:40+00:00\" \/>\n<meta property=\"og:image\" content=\"https:\/\/thinkcareurope.com\/wp-content\/uploads\/2025\/09\/ThinkEasy-Battery-Tester-2-1.png\" \/>\n\t<meta property=\"og:image:width\" content=\"1500\" \/>\n\t<meta property=\"og:image:height\" content=\"1500\" \/>\n\t<meta property=\"og:image:type\" content=\"image\/png\" \/>\n<meta name=\"twitter:card\" content=\"summary_large_image\" \/>\n<meta name=\"twitter:label1\" content=\"Tempo estimado de leitura\" \/>\n\t<meta name=\"twitter:data1\" content=\"2 minutos\" \/>\n<script type=\"application\/ld+json\" class=\"yoast-schema-graph\">{\"@context\":\"https:\\\/\\\/schema.org\",\"@graph\":[{\"@type\":\"WebPage\",\"@id\":\"https:\\\/\\\/thinkcareurope.com\\\/producto\\\/thinkeasy-battery-test-clip-2-comprobador-de-baterias-de-coche-con-bluetooth-5-0-y-aplicacion-movil-comprobador-de-alternador-para-automovil\\\/\",\"url\":\"https:\\\/\\\/thinkcareurope.com\\\/producto\\\/thinkeasy-battery-test-clip-2-comprobador-de-baterias-de-coche-con-bluetooth-5-0-y-aplicacion-movil-comprobador-de-alternador-para-automovil\\\/\",\"name\":\"THINKEASY BATTERY TEST CLIP 2 - Comprobador de bater\u00edas de coche con Bluetooth 5.0 y aplicaci\u00f3n m\u00f3vil + comprobador de alternador para autom\u00f3vil - THINKCAR Europe\",\"isPartOf\":{\"@id\":\"https:\\\/\\\/thinkcareurope.com\\\/#website\"},\"primaryImageOfPage\":{\"@id\":\"https:\\\/\\\/thinkcareurope.com\\\/producto\\\/thinkeasy-battery-test-clip-2-comprobador-de-baterias-de-coche-con-bluetooth-5-0-y-aplicacion-movil-comprobador-de-alternador-para-automovil\\\/#primaryimage\"},\"image\":{\"@id\":\"https:\\\/\\\/thinkcareurope.com\\\/producto\\\/thinkeasy-battery-test-clip-2-comprobador-de-baterias-de-coche-con-bluetooth-5-0-y-aplicacion-movil-comprobador-de-alternador-para-automovil\\\/#primaryimage\"},\"thumbnailUrl\":\"https:\\\/\\\/thinkcareurope.com\\\/wp-content\\\/uploads\\\/2025\\\/09\\\/ThinkEasy-Battery-Tester-2-1.png\",\"datePublished\":\"2025-09-09T15:06:53+00:00\",\"dateModified\":\"2025-11-13T07:58:40+00:00\",\"breadcrumb\":{\"@id\":\"https:\\\/\\\/thinkcareurope.com\\\/producto\\\/thinkeasy-battery-test-clip-2-comprobador-de-baterias-de-coche-con-bluetooth-5-0-y-aplicacion-movil-comprobador-de-alternador-para-automovil\\\/#breadcrumb\"},\"inLanguage\":\"pt-PT\",\"potentialAction\":[{\"@type\":\"ReadAction\",\"target\":[\"https:\\\/\\\/thinkcareurope.com\\\/producto\\\/thinkeasy-battery-test-clip-2-comprobador-de-baterias-de-coche-con-bluetooth-5-0-y-aplicacion-movil-comprobador-de-alternador-para-automovil\\\/\"]}]},{\"@type\":\"ImageObject\",\"inLanguage\":\"pt-PT\",\"@id\":\"https:\\\/\\\/thinkcareurope.com\\\/producto\\\/thinkeasy-battery-test-clip-2-comprobador-de-baterias-de-coche-con-bluetooth-5-0-y-aplicacion-movil-comprobador-de-alternador-para-automovil\\\/#primaryimage\",\"url\":\"https:\\\/\\\/thinkcareurope.com\\\/wp-content\\\/uploads\\\/2025\\\/09\\\/ThinkEasy-Battery-Tester-2-1.png\",\"contentUrl\":\"https:\\\/\\\/thinkcareurope.com\\\/wp-content\\\/uploads\\\/2025\\\/09\\\/ThinkEasy-Battery-Tester-2-1.png\",\"width\":1500,\"height\":1500},{\"@type\":\"BreadcrumbList\",\"@id\":\"https:\\\/\\\/thinkcareurope.com\\\/producto\\\/thinkeasy-battery-test-clip-2-comprobador-de-baterias-de-coche-con-bluetooth-5-0-y-aplicacion-movil-comprobador-de-alternador-para-automovil\\\/#breadcrumb\",\"itemListElement\":[{\"@type\":\"ListItem\",\"position\":1,\"name\":\"Portada\",\"item\":\"https:\\\/\\\/thinkcareurope.com\\\/\"},{\"@type\":\"ListItem\",\"position\":2,\"name\":\"Tienda\",\"item\":\"https:\\\/\\\/thinkcareurope.com\\\/tienda\\\/\"},{\"@type\":\"ListItem\",\"position\":3,\"name\":\"THINKEASY BATTERY TEST CLIP 2 &#8211; Comprobador de bater\u00edas de coche con Bluetooth 5.0 y aplicaci\u00f3n m\u00f3vil + comprobador de alternador para autom\u00f3vil\"}]},{\"@type\":\"WebSite\",\"@id\":\"https:\\\/\\\/thinkcareurope.com\\\/#website\",\"url\":\"https:\\\/\\\/thinkcareurope.com\\\/\",\"name\":\"THINKCAR Europe\",\"description\":\"Equipos de diagn\u00f3stico profesional ThinkCar, ideales para talleres que buscan rapidez, precisi\u00f3n y cobertura total en veh\u00edculos t\u00e9rmicos, h\u00edbridos y el\u00e9ctricos.\",\"publisher\":{\"@id\":\"https:\\\/\\\/thinkcareurope.com\\\/#organization\"},\"potentialAction\":[{\"@type\":\"SearchAction\",\"target\":{\"@type\":\"EntryPoint\",\"urlTemplate\":\"https:\\\/\\\/thinkcareurope.com\\\/?s={search_term_string}\"},\"query-input\":{\"@type\":\"PropertyValueSpecification\",\"valueRequired\":true,\"valueName\":\"search_term_string\"}}],\"inLanguage\":\"pt-PT\"},{\"@type\":\"Organization\",\"@id\":\"https:\\\/\\\/thinkcareurope.com\\\/#organization\",\"name\":\"THINKCAR Europe\",\"url\":\"https:\\\/\\\/thinkcareurope.com\\\/\",\"logo\":{\"@type\":\"ImageObject\",\"inLanguage\":\"pt-PT\",\"@id\":\"https:\\\/\\\/thinkcareurope.com\\\/#\\\/schema\\\/logo\\\/image\\\/\",\"url\":\"https:\\\/\\\/thinkcareurope.com\\\/wp-content\\\/uploads\\\/2025\\\/10\\\/Logo-THINKCAR-EUROPE.svg\",\"contentUrl\":\"https:\\\/\\\/thinkcareurope.com\\\/wp-content\\\/uploads\\\/2025\\\/10\\\/Logo-THINKCAR-EUROPE.svg\",\"width\":77,\"height\":32,\"caption\":\"THINKCAR Europe\"},\"image\":{\"@id\":\"https:\\\/\\\/thinkcareurope.com\\\/#\\\/schema\\\/logo\\\/image\\\/\"},\"sameAs\":[\"https:\\\/\\\/www.facebook.com\\\/EfiTaller\\\/\",\"https:\\\/\\\/www.linkedin.com\\\/company\\\/108947980\\\/\"]}]}<\/script>\n<!-- \/ Yoast SEO plugin. -->","yoast_head_json":{"title":"THINKEASY BATTERY TEST CLIP 2 - Comprobador de bater\u00edas de coche con Bluetooth 5.0 y aplicaci\u00f3n m\u00f3vil + comprobador de alternador para autom\u00f3vil - THINKCAR Europe","robots":{"index":"index","follow":"follow","max-snippet":"max-snippet:-1","max-image-preview":"max-image-preview:large","max-video-preview":"max-video-preview:-1"},"canonical":"https:\/\/thinkcareurope.com\/pt\/produto\/thinkeasy-battery-test-clip-2-comprobador-de-baterias-de-coche-con-bluetooth-5-0-y-aplicacion-movil-comprobador-de-alternador-para-automovil\/","og_locale":"pt_PT","og_type":"article","og_title":"THINKEASY BATTERY TEST CLIP 2 - Comprobador de bater\u00edas de coche con Bluetooth 5.0 y aplicaci\u00f3n m\u00f3vil + comprobador de alternador para autom\u00f3vil - THINKCAR Europe","og_description":"Thinkcar THINKEASY V2 Analizador de bater\u00edas 12V con Bluetooth 5.0 + APP | Test de arranque y carga El THINKEASY V2 es un probador de bater\u00edas 12V de \u00faltima generaci\u00f3n que conecta por Bluetooth 5.0 a la APP de Thinkcar para ofrecer diagn\u00f3stico r\u00e1pido y preciso del estado de la bater\u00eda, sistema de arranque y [&hellip;]","og_url":"https:\/\/thinkcareurope.com\/pt\/produto\/thinkeasy-battery-test-clip-2-comprobador-de-baterias-de-coche-con-bluetooth-5-0-y-aplicacion-movil-comprobador-de-alternador-para-automovil\/","og_site_name":"THINKCAR Europe","article_publisher":"https:\/\/www.facebook.com\/EfiTaller\/","article_modified_time":"2025-11-13T07:58:40+00:00","og_image":[{"width":1500,"height":1500,"url":"https:\/\/thinkcareurope.com\/wp-content\/uploads\/2025\/09\/ThinkEasy-Battery-Tester-2-1.png","type":"image\/png"}],"twitter_card":"summary_large_image","twitter_misc":{"Tempo estimado de leitura":"2 minutos"},"schema":{"@context":"https:\/\/schema.org","@graph":[{"@type":"WebPage","@id":"https:\/\/thinkcareurope.com\/producto\/thinkeasy-battery-test-clip-2-comprobador-de-baterias-de-coche-con-bluetooth-5-0-y-aplicacion-movil-comprobador-de-alternador-para-automovil\/","url":"https:\/\/thinkcareurope.com\/producto\/thinkeasy-battery-test-clip-2-comprobador-de-baterias-de-coche-con-bluetooth-5-0-y-aplicacion-movil-comprobador-de-alternador-para-automovil\/","name":"THINKEASY BATTERY TEST CLIP 2 - Comprobador de bater\u00edas de coche con Bluetooth 5.0 y aplicaci\u00f3n m\u00f3vil + comprobador de alternador para autom\u00f3vil - THINKCAR Europe","isPartOf":{"@id":"https:\/\/thinkcareurope.com\/#website"},"primaryImageOfPage":{"@id":"https:\/\/thinkcareurope.com\/producto\/thinkeasy-battery-test-clip-2-comprobador-de-baterias-de-coche-con-bluetooth-5-0-y-aplicacion-movil-comprobador-de-alternador-para-automovil\/#primaryimage"},"image":{"@id":"https:\/\/thinkcareurope.com\/producto\/thinkeasy-battery-test-clip-2-comprobador-de-baterias-de-coche-con-bluetooth-5-0-y-aplicacion-movil-comprobador-de-alternador-para-automovil\/#primaryimage"},"thumbnailUrl":"https:\/\/thinkcareurope.com\/wp-content\/uploads\/2025\/09\/ThinkEasy-Battery-Tester-2-1.png","datePublished":"2025-09-09T15:06:53+00:00","dateModified":"2025-11-13T07:58:40+00:00","breadcrumb":{"@id":"https:\/\/thinkcareurope.com\/producto\/thinkeasy-battery-test-clip-2-comprobador-de-baterias-de-coche-con-bluetooth-5-0-y-aplicacion-movil-comprobador-de-alternador-para-automovil\/#breadcrumb"},"inLanguage":"pt-PT","potentialAction":[{"@type":"ReadAction","target":["https:\/\/thinkcareurope.com\/producto\/thinkeasy-battery-test-clip-2-comprobador-de-baterias-de-coche-con-bluetooth-5-0-y-aplicacion-movil-comprobador-de-alternador-para-automovil\/"]}]},{"@type":"ImageObject","inLanguage":"pt-PT","@id":"https:\/\/thinkcareurope.com\/producto\/thinkeasy-battery-test-clip-2-comprobador-de-baterias-de-coche-con-bluetooth-5-0-y-aplicacion-movil-comprobador-de-alternador-para-automovil\/#primaryimage","url":"https:\/\/thinkcareurope.com\/wp-content\/uploads\/2025\/09\/ThinkEasy-Battery-Tester-2-1.png","contentUrl":"https:\/\/thinkcareurope.com\/wp-content\/uploads\/2025\/09\/ThinkEasy-Battery-Tester-2-1.png","width":1500,"height":1500},{"@type":"BreadcrumbList","@id":"https:\/\/thinkcareurope.com\/producto\/thinkeasy-battery-test-clip-2-comprobador-de-baterias-de-coche-con-bluetooth-5-0-y-aplicacion-movil-comprobador-de-alternador-para-automovil\/#breadcrumb","itemListElement":[{"@type":"ListItem","position":1,"name":"Portada","item":"https:\/\/thinkcareurope.com\/"},{"@type":"ListItem","position":2,"name":"Tienda","item":"https:\/\/thinkcareurope.com\/tienda\/"},{"@type":"ListItem","position":3,"name":"THINKEASY BATTERY TEST CLIP 2 &#8211; Comprobador de bater\u00edas de coche con Bluetooth 5.0 y aplicaci\u00f3n m\u00f3vil + comprobador de alternador para autom\u00f3vil"}]},{"@type":"WebSite","@id":"https:\/\/thinkcareurope.com\/#website","url":"https:\/\/thinkcareurope.com\/","name":"THINKCAR Europe","description":"Equipos de diagn\u00f3stico profesional ThinkCar, ideales para talleres que buscan rapidez, precisi\u00f3n y cobertura total en veh\u00edculos t\u00e9rmicos, h\u00edbridos y el\u00e9ctricos.","publisher":{"@id":"https:\/\/thinkcareurope.com\/#organization"},"potentialAction":[{"@type":"SearchAction","target":{"@type":"EntryPoint","urlTemplate":"https:\/\/thinkcareurope.com\/?s={search_term_string}"},"query-input":{"@type":"PropertyValueSpecification","valueRequired":true,"valueName":"search_term_string"}}],"inLanguage":"pt-PT"},{"@type":"Organization","@id":"https:\/\/thinkcareurope.com\/#organization","name":"THINKCAR Europe","url":"https:\/\/thinkcareurope.com\/","logo":{"@type":"ImageObject","inLanguage":"pt-PT","@id":"https:\/\/thinkcareurope.com\/#\/schema\/logo\/image\/","url":"https:\/\/thinkcareurope.com\/wp-content\/uploads\/2025\/10\/Logo-THINKCAR-EUROPE.svg","contentUrl":"https:\/\/thinkcareurope.com\/wp-content\/uploads\/2025\/10\/Logo-THINKCAR-EUROPE.svg","width":77,"height":32,"caption":"THINKCAR Europe"},"image":{"@id":"https:\/\/thinkcareurope.com\/#\/schema\/logo\/image\/"},"sameAs":["https:\/\/www.facebook.com\/EfiTaller\/","https:\/\/www.linkedin.com\/company\/108947980\/"]}]}},"_links":{"self":[{"href":"https:\/\/thinkcareurope.com\/pt\/wp-json\/wp\/v2\/product\/1973","targetHints":{"allow":["GET"]}}],"collection":[{"href":"https:\/\/thinkcareurope.com\/pt\/wp-json\/wp\/v2\/product"}],"about":[{"href":"https:\/\/thinkcareurope.com\/pt\/wp-json\/wp\/v2\/types\/product"}],"version-history":[{"count":1,"href":"https:\/\/thinkcareurope.com\/pt\/wp-json\/wp\/v2\/product\/1973\/revisions"}],"predecessor-version":[{"id":5510,"href":"https:\/\/thinkcareurope.com\/pt\/wp-json\/wp\/v2\/product\/1973\/revisions\/5510"}],"wp:featuredmedia":[{"embeddable":true,"href":"https:\/\/thinkcareurope.com\/pt\/wp-json\/wp\/v2\/media\/2180"}],"wp:attachment":[{"href":"https:\/\/thinkcareurope.com\/pt\/wp-json\/wp\/v2\/media?parent=1973"}],"wp:term":[{"taxonomy":"product_brand","embeddable":true,"href":"https:\/\/thinkcareurope.com\/pt\/wp-json\/wp\/v2\/product_brand?post=1973"},{"taxonomy":"product_cat","embeddable":true,"href":"https:\/\/thinkcareurope.com\/pt\/wp-json\/wp\/v2\/product_cat?post=1973"},{"taxonomy":"product_tag","embeddable":true,"href":"https:\/\/thinkcareurope.com\/pt\/wp-json\/wp\/v2\/product_tag?post=1973"}],"curies":[{"name":"wp","href":"https:\/\/api.w.org\/{rel}","templated":true}]}}