{"id":3176,"date":"2025-09-22T14:01:11","date_gmt":"2025-09-22T14:01:11","guid":{"rendered":"https:\/\/lambdastaging.es\/?page_id=3176"},"modified":"2025-09-22T14:03:53","modified_gmt":"2025-09-22T14:03:53","slug":"politica-de-cookies","status":"publish","type":"page","link":"https:\/\/thinkcareurope.com\/pt\/politica-de-cookies\/","title":{"rendered":"Pol\u00edtica de cookies"},"content":{"rendered":"<div data-elementor-type=\"wp-page\" data-elementor-id=\"3176\" class=\"elementor elementor-3176\" data-elementor-post-type=\"page\">\n\t\t\t\t\t\t<section class=\"elementor-section elementor-top-section elementor-element elementor-element-66c9f86 elementor-section-boxed elementor-section-height-default elementor-section-height-default\" data-id=\"66c9f86\" data-element_type=\"section\" data-e-type=\"section\" data-settings=\"{&quot;background_background&quot;:&quot;classic&quot;}\">\n\t\t\t\t\t\t<div class=\"elementor-container elementor-column-gap-default\">\n\t\t\t\t\t<div class=\"elementor-column elementor-col-100 elementor-top-column elementor-element elementor-element-11bd7e8\" data-id=\"11bd7e8\" data-element_type=\"column\" data-e-type=\"column\">\n\t\t\t<div class=\"elementor-widget-wrap elementor-element-populated\">\n\t\t\t\t\t\t<div class=\"elementor-element elementor-element-031f051 elementor-widget elementor-widget-heading\" data-id=\"031f051\" data-element_type=\"widget\" data-e-type=\"widget\" data-widget_type=\"heading.default\">\n\t\t\t\t<div class=\"elementor-widget-container\">\n\t\t\t\t\t<h2 class=\"elementor-heading-title elementor-size-default\">Pol\u00edtica de cookies<\/h2>\t\t\t\t<\/div>\n\t\t\t\t<\/div>\n\t\t\t\t\t<\/div>\n\t\t<\/div>\n\t\t\t\t\t<\/div>\n\t\t<\/section>\n\t\t\t\t<section class=\"elementor-section elementor-top-section elementor-element elementor-element-280837d elementor-section-boxed elementor-section-height-default elementor-section-height-default\" data-id=\"280837d\" data-element_type=\"section\" data-e-type=\"section\">\n\t\t\t\t\t\t<div class=\"elementor-container elementor-column-gap-default\">\n\t\t\t\t\t<div class=\"elementor-column elementor-col-100 elementor-top-column elementor-element elementor-element-d8b3cd8\" data-id=\"d8b3cd8\" data-element_type=\"column\" data-e-type=\"column\">\n\t\t\t<div class=\"elementor-widget-wrap elementor-element-populated\">\n\t\t\t\t\t\t<div class=\"elementor-element elementor-element-c4bc4f7 elementor-widget elementor-widget-text-editor\" data-id=\"c4bc4f7\" data-element_type=\"widget\" data-e-type=\"widget\" data-widget_type=\"text-editor.default\">\n\t\t\t\t<div class=\"elementor-widget-container\">\n\t\t\t\t\t\t\t\t\t<h3>1. \u00bfQu\u00e9 son las cookies?<\/h3><p>Una cookie es un fichero que se descarga en su ordenador al acceder a determinadas p\u00e1ginas web. Las cookies permiten a una p\u00e1gina web, entre otras cosas, almacenar y recuperar informaci\u00f3n sobre los h\u00e1bitos de navegaci\u00f3n de un usuario o de su equipo y, dependiendo de la informaci\u00f3n que contengan y de la forma en que utilice el equipo, pueden utilizarse para reconocer al usuario. Seg\u00fan quien sea la entidad que gestione el dominio desde donde se env\u00edan las cookies y trate los datos que se obtengan se pueden distinguir dos tipos: cookies propias y cookies de terceros. Existe tambi\u00e9n una segunda clasificaci\u00f3n seg\u00fan el plazo de tiempo que permanecen almacenadas en el navegador del cliente, pudiendo tratarse de cookies de sesi\u00f3n o cookies persistentes. Por \u00faltimo, existe otra clasificaci\u00f3n con cinco tipos de cookies seg\u00fan la finalidad para la que se traten los datos obtenidos: cookies t\u00e9cnicas, cookies de personalizaci\u00f3n, cookies de an\u00e1lisis, cookies publicitarias y cookies de publicidad comportamental. Para m\u00e1s informaci\u00f3n a este respecto puede consultar la gu\u00eda sobre el uso de las cookies de la Agencia Espa\u00f1ola de Protecci\u00f3n de Datos.<\/p><h3>2. \u00bfQu\u00e9 tipo de cookies utiliza esta p\u00e1gina web?<\/h3><ul><li><strong>Cookies de an\u00e1lisis<\/strong>: Son aquellas que bien tratadas por nosotros o por terceros, nos permiten cuantificar el n\u00famero de usuarios y as\u00ed realizar la medici\u00f3n y an\u00e1lisis estad\u00edstico de la utilizaci\u00f3n que hacen los usuarios del servicio ofertado. Para ello se analiza su navegaci\u00f3n en nuestra p\u00e1gina web con el fin de mejorar la oferta de productos o servicios que le ofrecemos.<br \/>Esta p\u00e1gina web utiliza Google Analytics, un servicio de anal\u00edtica web desarrollada por Google, que permite la medici\u00f3n y an\u00e1lisis de la navegaci\u00f3n en las p\u00e1ginas web. En su navegador podr\u00e1 observar cuatro cookies de este servicio: _utma, _utmb, _utmc y _utmc . Seg\u00fan la tipolog\u00eda anterior se trata de cookies propias, de sesi\u00f3n y de an\u00e1lisis.<br \/>Puede encontrar m\u00e1s informaci\u00f3n al respecto e inhabilitar el uso de estas cookies en la siguiente direcci\u00f3n:\u00a0<a href=\"https:\/\/www.google.com\/intl\/es_es\/policies\/technologies\/cookies\" target=\"_blank\" rel=\"noopener noreferrer\">https:\/\/www.google.com\/intl\/es_es\/policies\/technologies\/cookies<\/a><\/li><li>A trav\u00e9s de la anal\u00edtica web se obtiene informaci\u00f3n relativa al n\u00famero de usuarios que acceden a la web, el n\u00famero de p\u00e1ginas vistas, la frecuencia y repetici\u00f3n de las visitas, su duraci\u00f3n, el navegador utilizado, el operador que presta el servicio, el idioma, el terminal que utiliza, o la ciudad a la que est\u00e1 asignada su direcci\u00f3n IP. Informaci\u00f3n que posibilita un mejor y m\u00e1s apropiado servicio por parte de esta p\u00e1gina web.<\/li><li><strong>Cookies de personalizaci\u00f3n<\/strong>: Son aquellas que en nuestro caso permiten recordar las preferencias seleccionadas por el usuario durante su previa navegaci\u00f3n por nuestra p\u00e1gina web (por ejemplo, el idioma).<\/li><li><strong>Cookies publicitarias<\/strong>: Son aquellas que, bien tratadas por nosotros o por terceros, nos permiten gestionar de la forma m\u00e1s eficaz posible la oferta de los espacios publicitarios que hay en la p\u00e1gina web, adecuando el contenido del anuncio al contenido del servicio solicitado o al uso que realice de nuestra p\u00e1gina web. Para ello podemos analizar sus h\u00e1bitos de navegaci\u00f3n en Internet y podemos mostrarle publicidad relacionada con su perfil de navegaci\u00f3n.<\/li><\/ul><h3>3. Aceptaci\u00f3n de la Pol\u00edtica de cookies<\/h3><p>Lambda Automotive S.L, asume que usted acepta el uso de cookies. No obstante, muestra informaci\u00f3n sobre su pol\u00edtica de cookies en la parte superior de cualquier p\u00e1gina del sitio web con cada inicio de sesi\u00f3n con el objeto de que usted sea consciente.<br \/>Ante esta informaci\u00f3n es posible llevar a cabo las siguientes acciones:<\/p><ul><li>Aceptar. Para aceptar la colocaci\u00f3n y\/o lectura de las cookies anal\u00edticas de Google.<\/li><li>Denegar. Para negar la colocaci\u00f3n y\/o lectura de las cookies anal\u00edticas de Google.<\/li><li>Ver preferencias. Podr\u00e1 obtener m\u00e1s informaci\u00f3n sobre qu\u00e9 son las cookies, conocer la pol\u00edtica de cookies de Lambda Automotive S.L, y modificar la configuraci\u00f3n de su navegador.<\/li><\/ul><h3>4. \u00bfC\u00f3mo bloquear o eliminar las cookies?<\/h3><p>Puede usted permitir, bloquear o eliminar las cookies instaladas en su equipo mediante la configuraci\u00f3n de las opciones del navegador instalado en su ordenador. En cada navegador la operativa es diferente, la funci\u00f3n de &#8216;Ayuda\u00bb le mostrar\u00e1 c\u00f3mo hacerlo.<\/p><ul><li>Internet Explorer: <a href=\"http:\/\/windows.microsoft.com\/es-xl\/internet-explorer\/delete-manage-cookies#ie=\">windows.microsoft.com\/es-xl\/internet-explorer\/delete-manage-cookies#ie=\u00bbie-10&#8243;<\/a><\/li><li>FireFox:\u00a0<a href=\"http:\/\/support.mozilla.org\/es\/kb\/Borrar%20cookies\">support.mozilla.org\/es\/kb\/Borrar%20cookies<\/a><\/li><li>Chrome:\u00a0<a href=\"http:\/\/support.google.com\/chrome\/answer\/95647?hl=\">support.google.com\/chrome\/answer\/95647?hl=\u00bbes\u00bb<\/a><\/li><li>Safari:\u00a0<a href=\"http:\/\/apple.com\/es\/privacy\/use-of-cookies\">apple.com\/es\/privacy\/use-of-cookies<\/a><\/li><\/ul><p>Adem\u00e1s, tambi\u00e9n puede gestionar el almac\u00e9n de cookies en su navegador a trav\u00e9s de herramientas como las siguientes:<\/p><ul><li>Ghostery:\u00a0<a href=\"http:\/\/ghostery.com\/\">ghostery.com <\/a><\/li><li>Your online choices:\u00a0<a href=\"http:\/\/youronlinechoices.com\/es\">youronlinechoices.com\/es<\/a><\/li><\/ul>\t\t\t\t\t\t\t\t<\/div>\n\t\t\t\t<\/div>\n\t\t\t\t\t<\/div>\n\t\t<\/div>\n\t\t\t\t\t<\/div>\n\t\t<\/section>\n\t\t\t\t<\/div>","protected":false},"excerpt":{"rendered":"<p>Pol\u00edtica de cookies 1. \u00bfQu\u00e9 son las cookies? Una cookie es un fichero que se descarga en su ordenador al acceder a determinadas p\u00e1ginas web. Las cookies permiten a una p\u00e1gina web, entre otras cosas, almacenar y recuperar informaci\u00f3n sobre los h\u00e1bitos de navegaci\u00f3n de un usuario o de su equipo y, dependiendo de la [&hellip;]<\/p>\n","protected":false},"author":1,"featured_media":0,"parent":0,"menu_order":0,"comment_status":"closed","ping_status":"closed","template":"","meta":{"site-sidebar-layout":"no-sidebar","site-content-layout":"page-builder","ast-site-content-layout":"full-width-container","site-content-style":"default","site-sidebar-style":"default","ast-global-header-display":"","ast-banner-title-visibility":"","ast-main-header-display":"","ast-hfb-above-header-display":"","ast-hfb-below-header-display":"","ast-hfb-mobile-header-display":"","site-post-title":"","ast-breadcrumbs-content":"","ast-featured-img":"disabled","footer-sml-layout":"","ast-disable-related-posts":"","theme-transparent-header-meta":"","adv-header-id-meta":"","stick-header-meta":"","header-above-stick-meta":"","header-main-stick-meta":"","header-below-stick-meta":"","astra-migrate-meta-layouts":"default","ast-page-background-enabled":"default","ast-page-background-meta":{"desktop":{"background-color":"var(--ast-global-color-4)","background-image":"","background-repeat":"repeat","background-position":"center center","background-size":"auto","background-attachment":"scroll","background-type":"","background-media":"","overlay-type":"","overlay-color":"","overlay-opacity":"","overlay-gradient":""},"tablet":{"background-color":"","background-image":"","background-repeat":"repeat","background-position":"center center","background-size":"auto","background-attachment":"scroll","background-type":"","background-media":"","overlay-type":"","overlay-color":"","overlay-opacity":"","overlay-gradient":""},"mobile":{"background-color":"","background-image":"","background-repeat":"repeat","background-position":"center center","background-size":"auto","background-attachment":"scroll","background-type":"","background-media":"","overlay-type":"","overlay-color":"","overlay-opacity":"","overlay-gradient":""}},"ast-content-background-meta":{"desktop":{"background-color":"var(--ast-global-color-5)","background-image":"","background-repeat":"repeat","background-position":"center center","background-size":"auto","background-attachment":"scroll","background-type":"","background-media":"","overlay-type":"","overlay-color":"","overlay-opacity":"","overlay-gradient":""},"tablet":{"background-color":"var(--ast-global-color-5)","background-image":"","background-repeat":"repeat","background-position":"center center","background-size":"auto","background-attachment":"scroll","background-type":"","background-media":"","overlay-type":"","overlay-color":"","overlay-opacity":"","overlay-gradient":""},"mobile":{"background-color":"var(--ast-global-color-5)","background-image":"","background-repeat":"repeat","background-position":"center center","background-size":"auto","background-attachment":"scroll","background-type":"","background-media":"","overlay-type":"","overlay-color":"","overlay-opacity":"","overlay-gradient":""}},"footnotes":""},"class_list":["post-3176","page","type-page","status-publish","hentry"],"yoast_head":"<!-- This site is optimized with the Yoast SEO plugin v27.4 - https:\/\/yoast.com\/product\/yoast-seo-wordpress\/ -->\n<title>Pol\u00edtica de cookies - THINKCAR Europe<\/title>\n<meta name=\"robots\" content=\"index, follow, max-snippet:-1, max-image-preview:large, max-video-preview:-1\" \/>\n<link rel=\"canonical\" href=\"https:\/\/thinkcareurope.com\/pt\/politica-de-cookies\/\" \/>\n<meta property=\"og:locale\" content=\"pt_PT\" \/>\n<meta property=\"og:type\" content=\"article\" \/>\n<meta property=\"og:title\" content=\"Pol\u00edtica de cookies - THINKCAR Europe\" \/>\n<meta property=\"og:description\" content=\"Pol\u00edtica de cookies 1. \u00bfQu\u00e9 son las cookies? Una cookie es un fichero que se descarga en su ordenador al acceder a determinadas p\u00e1ginas web. Las cookies permiten a una p\u00e1gina web, entre otras cosas, almacenar y recuperar informaci\u00f3n sobre los h\u00e1bitos de navegaci\u00f3n de un usuario o de su equipo y, dependiendo de la [&hellip;]\" \/>\n<meta property=\"og:url\" content=\"https:\/\/thinkcareurope.com\/pt\/politica-de-cookies\/\" \/>\n<meta property=\"og:site_name\" content=\"THINKCAR Europe\" \/>\n<meta property=\"article:publisher\" content=\"https:\/\/www.facebook.com\/EfiTaller\/\" \/>\n<meta property=\"article:modified_time\" content=\"2025-09-22T14:03:53+00:00\" \/>\n<meta name=\"twitter:card\" content=\"summary_large_image\" \/>\n<meta name=\"twitter:label1\" content=\"Tempo estimado de leitura\" \/>\n\t<meta name=\"twitter:data1\" content=\"4 minutos\" \/>\n<script type=\"application\/ld+json\" class=\"yoast-schema-graph\">{\"@context\":\"https:\\\/\\\/schema.org\",\"@graph\":[{\"@type\":\"WebPage\",\"@id\":\"https:\\\/\\\/thinkcareurope.com\\\/politica-de-cookies\\\/\",\"url\":\"https:\\\/\\\/thinkcareurope.com\\\/politica-de-cookies\\\/\",\"name\":\"Pol\u00edtica de cookies - THINKCAR Europe\",\"isPartOf\":{\"@id\":\"https:\\\/\\\/thinkcareurope.com\\\/#website\"},\"datePublished\":\"2025-09-22T14:01:11+00:00\",\"dateModified\":\"2025-09-22T14:03:53+00:00\",\"breadcrumb\":{\"@id\":\"https:\\\/\\\/thinkcareurope.com\\\/politica-de-cookies\\\/#breadcrumb\"},\"inLanguage\":\"pt-PT\",\"potentialAction\":[{\"@type\":\"ReadAction\",\"target\":[\"https:\\\/\\\/thinkcareurope.com\\\/politica-de-cookies\\\/\"]}]},{\"@type\":\"BreadcrumbList\",\"@id\":\"https:\\\/\\\/thinkcareurope.com\\\/politica-de-cookies\\\/#breadcrumb\",\"itemListElement\":[{\"@type\":\"ListItem\",\"position\":1,\"name\":\"Portada\",\"item\":\"https:\\\/\\\/thinkcareurope.com\\\/\"},{\"@type\":\"ListItem\",\"position\":2,\"name\":\"Pol\u00edtica de cookies\"}]},{\"@type\":\"WebSite\",\"@id\":\"https:\\\/\\\/thinkcareurope.com\\\/#website\",\"url\":\"https:\\\/\\\/thinkcareurope.com\\\/\",\"name\":\"THINKCAR Europe\",\"description\":\"Equipos de diagn\u00f3stico profesional ThinkCar, ideales para talleres que buscan rapidez, precisi\u00f3n y cobertura total en veh\u00edculos t\u00e9rmicos, h\u00edbridos y el\u00e9ctricos.\",\"publisher\":{\"@id\":\"https:\\\/\\\/thinkcareurope.com\\\/#organization\"},\"potentialAction\":[{\"@type\":\"SearchAction\",\"target\":{\"@type\":\"EntryPoint\",\"urlTemplate\":\"https:\\\/\\\/thinkcareurope.com\\\/?s={search_term_string}\"},\"query-input\":{\"@type\":\"PropertyValueSpecification\",\"valueRequired\":true,\"valueName\":\"search_term_string\"}}],\"inLanguage\":\"pt-PT\"},{\"@type\":\"Organization\",\"@id\":\"https:\\\/\\\/thinkcareurope.com\\\/#organization\",\"name\":\"THINKCAR Europe\",\"url\":\"https:\\\/\\\/thinkcareurope.com\\\/\",\"logo\":{\"@type\":\"ImageObject\",\"inLanguage\":\"pt-PT\",\"@id\":\"https:\\\/\\\/thinkcareurope.com\\\/#\\\/schema\\\/logo\\\/image\\\/\",\"url\":\"https:\\\/\\\/thinkcareurope.com\\\/wp-content\\\/uploads\\\/2025\\\/10\\\/Logo-THINKCAR-EUROPE.svg\",\"contentUrl\":\"https:\\\/\\\/thinkcareurope.com\\\/wp-content\\\/uploads\\\/2025\\\/10\\\/Logo-THINKCAR-EUROPE.svg\",\"width\":77,\"height\":32,\"caption\":\"THINKCAR Europe\"},\"image\":{\"@id\":\"https:\\\/\\\/thinkcareurope.com\\\/#\\\/schema\\\/logo\\\/image\\\/\"},\"sameAs\":[\"https:\\\/\\\/www.facebook.com\\\/EfiTaller\\\/\",\"https:\\\/\\\/www.linkedin.com\\\/company\\\/108947980\\\/\"]}]}<\/script>\n<!-- \/ Yoast SEO plugin. -->","yoast_head_json":{"title":"Pol\u00edtica de cookies - THINKCAR Europe","robots":{"index":"index","follow":"follow","max-snippet":"max-snippet:-1","max-image-preview":"max-image-preview:large","max-video-preview":"max-video-preview:-1"},"canonical":"https:\/\/thinkcareurope.com\/pt\/politica-de-cookies\/","og_locale":"pt_PT","og_type":"article","og_title":"Pol\u00edtica de cookies - THINKCAR Europe","og_description":"Pol\u00edtica de cookies 1. \u00bfQu\u00e9 son las cookies? Una cookie es un fichero que se descarga en su ordenador al acceder a determinadas p\u00e1ginas web. Las cookies permiten a una p\u00e1gina web, entre otras cosas, almacenar y recuperar informaci\u00f3n sobre los h\u00e1bitos de navegaci\u00f3n de un usuario o de su equipo y, dependiendo de la [&hellip;]","og_url":"https:\/\/thinkcareurope.com\/pt\/politica-de-cookies\/","og_site_name":"THINKCAR Europe","article_publisher":"https:\/\/www.facebook.com\/EfiTaller\/","article_modified_time":"2025-09-22T14:03:53+00:00","twitter_card":"summary_large_image","twitter_misc":{"Tempo estimado de leitura":"4 minutos"},"schema":{"@context":"https:\/\/schema.org","@graph":[{"@type":"WebPage","@id":"https:\/\/thinkcareurope.com\/politica-de-cookies\/","url":"https:\/\/thinkcareurope.com\/politica-de-cookies\/","name":"Pol\u00edtica de cookies - THINKCAR Europe","isPartOf":{"@id":"https:\/\/thinkcareurope.com\/#website"},"datePublished":"2025-09-22T14:01:11+00:00","dateModified":"2025-09-22T14:03:53+00:00","breadcrumb":{"@id":"https:\/\/thinkcareurope.com\/politica-de-cookies\/#breadcrumb"},"inLanguage":"pt-PT","potentialAction":[{"@type":"ReadAction","target":["https:\/\/thinkcareurope.com\/politica-de-cookies\/"]}]},{"@type":"BreadcrumbList","@id":"https:\/\/thinkcareurope.com\/politica-de-cookies\/#breadcrumb","itemListElement":[{"@type":"ListItem","position":1,"name":"Portada","item":"https:\/\/thinkcareurope.com\/"},{"@type":"ListItem","position":2,"name":"Pol\u00edtica de cookies"}]},{"@type":"WebSite","@id":"https:\/\/thinkcareurope.com\/#website","url":"https:\/\/thinkcareurope.com\/","name":"THINKCAR Europe","description":"Equipos de diagn\u00f3stico profesional ThinkCar, ideales para talleres que buscan rapidez, precisi\u00f3n y cobertura total en veh\u00edculos t\u00e9rmicos, h\u00edbridos y el\u00e9ctricos.","publisher":{"@id":"https:\/\/thinkcareurope.com\/#organization"},"potentialAction":[{"@type":"SearchAction","target":{"@type":"EntryPoint","urlTemplate":"https:\/\/thinkcareurope.com\/?s={search_term_string}"},"query-input":{"@type":"PropertyValueSpecification","valueRequired":true,"valueName":"search_term_string"}}],"inLanguage":"pt-PT"},{"@type":"Organization","@id":"https:\/\/thinkcareurope.com\/#organization","name":"THINKCAR Europe","url":"https:\/\/thinkcareurope.com\/","logo":{"@type":"ImageObject","inLanguage":"pt-PT","@id":"https:\/\/thinkcareurope.com\/#\/schema\/logo\/image\/","url":"https:\/\/thinkcareurope.com\/wp-content\/uploads\/2025\/10\/Logo-THINKCAR-EUROPE.svg","contentUrl":"https:\/\/thinkcareurope.com\/wp-content\/uploads\/2025\/10\/Logo-THINKCAR-EUROPE.svg","width":77,"height":32,"caption":"THINKCAR Europe"},"image":{"@id":"https:\/\/thinkcareurope.com\/#\/schema\/logo\/image\/"},"sameAs":["https:\/\/www.facebook.com\/EfiTaller\/","https:\/\/www.linkedin.com\/company\/108947980\/"]}]}},"_links":{"self":[{"href":"https:\/\/thinkcareurope.com\/pt\/wp-json\/wp\/v2\/pages\/3176","targetHints":{"allow":["GET"]}}],"collection":[{"href":"https:\/\/thinkcareurope.com\/pt\/wp-json\/wp\/v2\/pages"}],"about":[{"href":"https:\/\/thinkcareurope.com\/pt\/wp-json\/wp\/v2\/types\/page"}],"author":[{"embeddable":true,"href":"https:\/\/thinkcareurope.com\/pt\/wp-json\/wp\/v2\/users\/1"}],"replies":[{"embeddable":true,"href":"https:\/\/thinkcareurope.com\/pt\/wp-json\/wp\/v2\/comments?post=3176"}],"version-history":[{"count":0,"href":"https:\/\/thinkcareurope.com\/pt\/wp-json\/wp\/v2\/pages\/3176\/revisions"}],"wp:attachment":[{"href":"https:\/\/thinkcareurope.com\/pt\/wp-json\/wp\/v2\/media?parent=3176"}],"curies":[{"name":"wp","href":"https:\/\/api.w.org\/{rel}","templated":true}]}}