{"id":3165,"date":"2025-09-22T13:58:20","date_gmt":"2025-09-22T13:58:20","guid":{"rendered":"https:\/\/lambdastaging.es\/?page_id=3165"},"modified":"2025-09-22T14:00:51","modified_gmt":"2025-09-22T14:00:51","slug":"aviso-legal","status":"publish","type":"page","link":"https:\/\/thinkcareurope.com\/pt\/aviso-legal\/","title":{"rendered":"Aviso legal"},"content":{"rendered":"<div data-elementor-type=\"wp-page\" data-elementor-id=\"3165\" class=\"elementor elementor-3165\" data-elementor-post-type=\"page\">\n\t\t\t\t\t\t<section class=\"elementor-section elementor-top-section elementor-element elementor-element-701e458 elementor-section-boxed elementor-section-height-default elementor-section-height-default\" data-id=\"701e458\" data-element_type=\"section\" data-e-type=\"section\" data-settings=\"{&quot;background_background&quot;:&quot;classic&quot;}\">\n\t\t\t\t\t\t<div class=\"elementor-container elementor-column-gap-default\">\n\t\t\t\t\t<div class=\"elementor-column elementor-col-100 elementor-top-column elementor-element elementor-element-f8dcf83\" data-id=\"f8dcf83\" data-element_type=\"column\" data-e-type=\"column\">\n\t\t\t<div class=\"elementor-widget-wrap elementor-element-populated\">\n\t\t\t\t\t\t<div class=\"elementor-element elementor-element-9f73968 elementor-widget elementor-widget-heading\" data-id=\"9f73968\" data-element_type=\"widget\" data-e-type=\"widget\" data-widget_type=\"heading.default\">\n\t\t\t\t<div class=\"elementor-widget-container\">\n\t\t\t\t\t<h2 class=\"elementor-heading-title elementor-size-default\">Aviso legal<\/h2>\t\t\t\t<\/div>\n\t\t\t\t<\/div>\n\t\t\t\t\t<\/div>\n\t\t<\/div>\n\t\t\t\t\t<\/div>\n\t\t<\/section>\n\t\t\t\t<section class=\"elementor-section elementor-top-section elementor-element elementor-element-945eae7 elementor-section-boxed elementor-section-height-default elementor-section-height-default\" data-id=\"945eae7\" data-element_type=\"section\" data-e-type=\"section\">\n\t\t\t\t\t\t<div class=\"elementor-container elementor-column-gap-default\">\n\t\t\t\t\t<div class=\"elementor-column elementor-col-100 elementor-top-column elementor-element elementor-element-5ebe2ec\" data-id=\"5ebe2ec\" data-element_type=\"column\" data-e-type=\"column\">\n\t\t\t<div class=\"elementor-widget-wrap elementor-element-populated\">\n\t\t\t\t\t\t<div class=\"elementor-element elementor-element-406b8cd elementor-widget elementor-widget-text-editor\" data-id=\"406b8cd\" data-element_type=\"widget\" data-e-type=\"widget\" data-widget_type=\"text-editor.default\">\n\t\t\t\t<div class=\"elementor-widget-container\">\n\t\t\t\t\t\t\t\t\t<p>En cumplimiento con el deber de informaci\u00f3n recogido en art\u00edculo 10 de la Ley 34\/2002, de 11 de julio, de Servicios de la Sociedad de la Informaci\u00f3n y de Comercio Electr\u00f3nico, a continuaci\u00f3n se reflejan los siguientes datos: La empresa titular de la web (en adelante, LA EMPRESA) pone a su disposici\u00f3n la siguiente informaci\u00f3n:\u00a0<\/p><ul><li>Identificaci\u00f3n: <b>EFITALLER AUTOMOCI\u00d3N SL<\/b>\u00a0<\/li><li>CIF: <strong>B75882316<\/strong><\/li><li>Direcci\u00f3n: <strong>Avenida Do\u00f1a Ana, Nave 6 29130 Alhaur\u00edn de la Torre (M\u00e1laga)<\/strong>\u00a0<\/li><li>Tel\u00e9fono: <b>+34 952 41 29 53<\/b>\u00a0<\/li><li>Email: <a href=\"mailto:info@efitaller.com\"><b>info@efitaller.com<\/b><\/a>\u00a0<\/li><li>Identificador Registral \u00danico de la Sociedad (IRUS):\u00a0<strong>1000444589481, inscripcion 1\u00ba con hoja MA-188215<\/strong>.\u00a0<\/li><\/ul><p>La utilizaci\u00f3n de la web le atribuye la condici\u00f3n de usuario de la web (en adelante, el \u201cUsuario\u201d) e implica la aceptaci\u00f3n plena y sin reservas de todas y cada una de las disposiciones incluidas en este Aviso Legal en la versi\u00f3n publicada por LA EMPRESA en el momento mismo en que el Usuario acceda a la Web. LA EMPRESA se reserva el derecho a modificar unilateralmente, en cualquier momento y sin previo aviso, la presentaci\u00f3n y configuraci\u00f3n de los contenidos y los servicios de la Web, as\u00ed como las condiciones requeridas para su utilizaci\u00f3n cuando ello sea conveniente para su mejor prestaci\u00f3n.\u00a0<\/p><p>El contenido de la presente web est\u00e1 protegido por las leyes de propiedad intelectual.\u00a0<\/p><p>Dichos contenidos deber\u00e1n ser usados de forma correcta y licita por el usuario y, en particular queda obligado a utilizar dichos contenidos de forma diligente, correcta y l\u00edcita.<\/p><p>No podr\u00e1n usarse los contenidos de forma contraria a la ley, a la moral o a las buenas costumbres aceptadas en orden p\u00fablico.\u00a0<\/p><p>Est\u00e1 prohibida la transmisi\u00f3n de cualquier tipo de datos que usted pueda realizar a esta web, o a otros pertenecientes a terceras empresas cuyos links podr\u00e1 encontrar dentro de esta web, que atente contra los derechos de propiedad de terceros de car\u00e1cter amenazador o material que pueda ser considerado delito o falta en virtud del vigente C\u00f3digo Penal.\u00a0<\/p><p>Queda prohibida la reproducci\u00f3n, copia, distribuci\u00f3n, transformaci\u00f3n o modificaci\u00f3n de contenidos (textos, im\u00e1genes, voces o estructura) a menos que se cuente con la autorizaci\u00f3n expresa y por escrito del titular de los derechos adquiridos.<\/p>\t\t\t\t\t\t\t\t<\/div>\n\t\t\t\t<\/div>\n\t\t\t\t\t<\/div>\n\t\t<\/div>\n\t\t\t\t\t<\/div>\n\t\t<\/section>\n\t\t\t\t<\/div>","protected":false},"excerpt":{"rendered":"<p>Aviso legal En cumplimiento con el deber de informaci\u00f3n recogido en art\u00edculo 10 de la Ley 34\/2002, de 11 de julio, de Servicios de la Sociedad de la Informaci\u00f3n y de Comercio Electr\u00f3nico, a continuaci\u00f3n se reflejan los siguientes datos: La empresa titular de la web (en adelante, LA EMPRESA) pone a su disposici\u00f3n la [&hellip;]<\/p>\n","protected":false},"author":1,"featured_media":0,"parent":0,"menu_order":0,"comment_status":"closed","ping_status":"closed","template":"","meta":{"site-sidebar-layout":"no-sidebar","site-content-layout":"page-builder","ast-site-content-layout":"full-width-container","site-content-style":"unboxed","site-sidebar-style":"unboxed","ast-global-header-display":"","ast-banner-title-visibility":"","ast-main-header-display":"","ast-hfb-above-header-display":"","ast-hfb-below-header-display":"","ast-hfb-mobile-header-display":"","site-post-title":"","ast-breadcrumbs-content":"","ast-featured-img":"disabled","footer-sml-layout":"","ast-disable-related-posts":"","theme-transparent-header-meta":"default","adv-header-id-meta":"","stick-header-meta":"default","header-above-stick-meta":"","header-main-stick-meta":"","header-below-stick-meta":"","astra-migrate-meta-layouts":"set","ast-page-background-enabled":"default","ast-page-background-meta":{"desktop":{"background-color":"var(--ast-global-color-4)","background-image":"","background-repeat":"repeat","background-position":"center center","background-size":"auto","background-attachment":"scroll","background-type":"","background-media":"","overlay-type":"","overlay-color":"","overlay-opacity":"","overlay-gradient":""},"tablet":{"background-color":"","background-image":"","background-repeat":"repeat","background-position":"center center","background-size":"auto","background-attachment":"scroll","background-type":"","background-media":"","overlay-type":"","overlay-color":"","overlay-opacity":"","overlay-gradient":""},"mobile":{"background-color":"","background-image":"","background-repeat":"repeat","background-position":"center center","background-size":"auto","background-attachment":"scroll","background-type":"","background-media":"","overlay-type":"","overlay-color":"","overlay-opacity":"","overlay-gradient":""}},"ast-content-background-meta":{"desktop":{"background-color":"var(--ast-global-color-5)","background-image":"","background-repeat":"repeat","background-position":"center center","background-size":"auto","background-attachment":"scroll","background-type":"","background-media":"","overlay-type":"","overlay-color":"","overlay-opacity":"","overlay-gradient":""},"tablet":{"background-color":"var(--ast-global-color-5)","background-image":"","background-repeat":"repeat","background-position":"center center","background-size":"auto","background-attachment":"scroll","background-type":"","background-media":"","overlay-type":"","overlay-color":"","overlay-opacity":"","overlay-gradient":""},"mobile":{"background-color":"var(--ast-global-color-5)","background-image":"","background-repeat":"repeat","background-position":"center center","background-size":"auto","background-attachment":"scroll","background-type":"","background-media":"","overlay-type":"","overlay-color":"","overlay-opacity":"","overlay-gradient":""}},"footnotes":""},"class_list":["post-3165","page","type-page","status-publish","hentry"],"yoast_head":"<!-- This site is optimized with the Yoast SEO plugin v27.4 - https:\/\/yoast.com\/product\/yoast-seo-wordpress\/ -->\n<title>Aviso legal - THINKCAR Europe<\/title>\n<meta name=\"robots\" content=\"index, follow, max-snippet:-1, max-image-preview:large, max-video-preview:-1\" \/>\n<link rel=\"canonical\" href=\"https:\/\/thinkcareurope.com\/pt\/aviso-legal\/\" \/>\n<meta property=\"og:locale\" content=\"pt_PT\" \/>\n<meta property=\"og:type\" content=\"article\" \/>\n<meta property=\"og:title\" content=\"Aviso legal - THINKCAR Europe\" \/>\n<meta property=\"og:description\" content=\"Aviso legal En cumplimiento con el deber de informaci\u00f3n recogido en art\u00edculo 10 de la Ley 34\/2002, de 11 de julio, de Servicios de la Sociedad de la Informaci\u00f3n y de Comercio Electr\u00f3nico, a continuaci\u00f3n se reflejan los siguientes datos: La empresa titular de la web (en adelante, LA EMPRESA) pone a su disposici\u00f3n la [&hellip;]\" \/>\n<meta property=\"og:url\" content=\"https:\/\/thinkcareurope.com\/pt\/aviso-legal\/\" \/>\n<meta property=\"og:site_name\" content=\"THINKCAR Europe\" \/>\n<meta property=\"article:publisher\" content=\"https:\/\/www.facebook.com\/EfiTaller\/\" \/>\n<meta property=\"article:modified_time\" content=\"2025-09-22T14:00:51+00:00\" \/>\n<meta name=\"twitter:card\" content=\"summary_large_image\" \/>\n<meta name=\"twitter:label1\" content=\"Tempo estimado de leitura\" \/>\n\t<meta name=\"twitter:data1\" content=\"2 minutos\" \/>\n<script type=\"application\/ld+json\" class=\"yoast-schema-graph\">{\"@context\":\"https:\\\/\\\/schema.org\",\"@graph\":[{\"@type\":\"WebPage\",\"@id\":\"https:\\\/\\\/thinkcareurope.com\\\/aviso-legal\\\/\",\"url\":\"https:\\\/\\\/thinkcareurope.com\\\/aviso-legal\\\/\",\"name\":\"Aviso legal - THINKCAR Europe\",\"isPartOf\":{\"@id\":\"https:\\\/\\\/thinkcareurope.com\\\/#website\"},\"datePublished\":\"2025-09-22T13:58:20+00:00\",\"dateModified\":\"2025-09-22T14:00:51+00:00\",\"breadcrumb\":{\"@id\":\"https:\\\/\\\/thinkcareurope.com\\\/aviso-legal\\\/#breadcrumb\"},\"inLanguage\":\"pt-PT\",\"potentialAction\":[{\"@type\":\"ReadAction\",\"target\":[\"https:\\\/\\\/thinkcareurope.com\\\/aviso-legal\\\/\"]}]},{\"@type\":\"BreadcrumbList\",\"@id\":\"https:\\\/\\\/thinkcareurope.com\\\/aviso-legal\\\/#breadcrumb\",\"itemListElement\":[{\"@type\":\"ListItem\",\"position\":1,\"name\":\"Portada\",\"item\":\"https:\\\/\\\/thinkcareurope.com\\\/\"},{\"@type\":\"ListItem\",\"position\":2,\"name\":\"Aviso legal\"}]},{\"@type\":\"WebSite\",\"@id\":\"https:\\\/\\\/thinkcareurope.com\\\/#website\",\"url\":\"https:\\\/\\\/thinkcareurope.com\\\/\",\"name\":\"THINKCAR Europe\",\"description\":\"Equipos de diagn\u00f3stico profesional ThinkCar, ideales para talleres que buscan rapidez, precisi\u00f3n y cobertura total en veh\u00edculos t\u00e9rmicos, h\u00edbridos y el\u00e9ctricos.\",\"publisher\":{\"@id\":\"https:\\\/\\\/thinkcareurope.com\\\/#organization\"},\"potentialAction\":[{\"@type\":\"SearchAction\",\"target\":{\"@type\":\"EntryPoint\",\"urlTemplate\":\"https:\\\/\\\/thinkcareurope.com\\\/?s={search_term_string}\"},\"query-input\":{\"@type\":\"PropertyValueSpecification\",\"valueRequired\":true,\"valueName\":\"search_term_string\"}}],\"inLanguage\":\"pt-PT\"},{\"@type\":\"Organization\",\"@id\":\"https:\\\/\\\/thinkcareurope.com\\\/#organization\",\"name\":\"THINKCAR Europe\",\"url\":\"https:\\\/\\\/thinkcareurope.com\\\/\",\"logo\":{\"@type\":\"ImageObject\",\"inLanguage\":\"pt-PT\",\"@id\":\"https:\\\/\\\/thinkcareurope.com\\\/#\\\/schema\\\/logo\\\/image\\\/\",\"url\":\"https:\\\/\\\/thinkcareurope.com\\\/wp-content\\\/uploads\\\/2025\\\/10\\\/Logo-THINKCAR-EUROPE.svg\",\"contentUrl\":\"https:\\\/\\\/thinkcareurope.com\\\/wp-content\\\/uploads\\\/2025\\\/10\\\/Logo-THINKCAR-EUROPE.svg\",\"width\":77,\"height\":32,\"caption\":\"THINKCAR Europe\"},\"image\":{\"@id\":\"https:\\\/\\\/thinkcareurope.com\\\/#\\\/schema\\\/logo\\\/image\\\/\"},\"sameAs\":[\"https:\\\/\\\/www.facebook.com\\\/EfiTaller\\\/\",\"https:\\\/\\\/www.linkedin.com\\\/company\\\/108947980\\\/\"]}]}<\/script>\n<!-- \/ Yoast SEO plugin. -->","yoast_head_json":{"title":"Aviso legal - THINKCAR Europe","robots":{"index":"index","follow":"follow","max-snippet":"max-snippet:-1","max-image-preview":"max-image-preview:large","max-video-preview":"max-video-preview:-1"},"canonical":"https:\/\/thinkcareurope.com\/pt\/aviso-legal\/","og_locale":"pt_PT","og_type":"article","og_title":"Aviso legal - THINKCAR Europe","og_description":"Aviso legal En cumplimiento con el deber de informaci\u00f3n recogido en art\u00edculo 10 de la Ley 34\/2002, de 11 de julio, de Servicios de la Sociedad de la Informaci\u00f3n y de Comercio Electr\u00f3nico, a continuaci\u00f3n se reflejan los siguientes datos: La empresa titular de la web (en adelante, LA EMPRESA) pone a su disposici\u00f3n la [&hellip;]","og_url":"https:\/\/thinkcareurope.com\/pt\/aviso-legal\/","og_site_name":"THINKCAR Europe","article_publisher":"https:\/\/www.facebook.com\/EfiTaller\/","article_modified_time":"2025-09-22T14:00:51+00:00","twitter_card":"summary_large_image","twitter_misc":{"Tempo estimado de leitura":"2 minutos"},"schema":{"@context":"https:\/\/schema.org","@graph":[{"@type":"WebPage","@id":"https:\/\/thinkcareurope.com\/aviso-legal\/","url":"https:\/\/thinkcareurope.com\/aviso-legal\/","name":"Aviso legal - THINKCAR Europe","isPartOf":{"@id":"https:\/\/thinkcareurope.com\/#website"},"datePublished":"2025-09-22T13:58:20+00:00","dateModified":"2025-09-22T14:00:51+00:00","breadcrumb":{"@id":"https:\/\/thinkcareurope.com\/aviso-legal\/#breadcrumb"},"inLanguage":"pt-PT","potentialAction":[{"@type":"ReadAction","target":["https:\/\/thinkcareurope.com\/aviso-legal\/"]}]},{"@type":"BreadcrumbList","@id":"https:\/\/thinkcareurope.com\/aviso-legal\/#breadcrumb","itemListElement":[{"@type":"ListItem","position":1,"name":"Portada","item":"https:\/\/thinkcareurope.com\/"},{"@type":"ListItem","position":2,"name":"Aviso legal"}]},{"@type":"WebSite","@id":"https:\/\/thinkcareurope.com\/#website","url":"https:\/\/thinkcareurope.com\/","name":"THINKCAR Europe","description":"Equipos de diagn\u00f3stico profesional ThinkCar, ideales para talleres que buscan rapidez, precisi\u00f3n y cobertura total en veh\u00edculos t\u00e9rmicos, h\u00edbridos y el\u00e9ctricos.","publisher":{"@id":"https:\/\/thinkcareurope.com\/#organization"},"potentialAction":[{"@type":"SearchAction","target":{"@type":"EntryPoint","urlTemplate":"https:\/\/thinkcareurope.com\/?s={search_term_string}"},"query-input":{"@type":"PropertyValueSpecification","valueRequired":true,"valueName":"search_term_string"}}],"inLanguage":"pt-PT"},{"@type":"Organization","@id":"https:\/\/thinkcareurope.com\/#organization","name":"THINKCAR Europe","url":"https:\/\/thinkcareurope.com\/","logo":{"@type":"ImageObject","inLanguage":"pt-PT","@id":"https:\/\/thinkcareurope.com\/#\/schema\/logo\/image\/","url":"https:\/\/thinkcareurope.com\/wp-content\/uploads\/2025\/10\/Logo-THINKCAR-EUROPE.svg","contentUrl":"https:\/\/thinkcareurope.com\/wp-content\/uploads\/2025\/10\/Logo-THINKCAR-EUROPE.svg","width":77,"height":32,"caption":"THINKCAR Europe"},"image":{"@id":"https:\/\/thinkcareurope.com\/#\/schema\/logo\/image\/"},"sameAs":["https:\/\/www.facebook.com\/EfiTaller\/","https:\/\/www.linkedin.com\/company\/108947980\/"]}]}},"_links":{"self":[{"href":"https:\/\/thinkcareurope.com\/pt\/wp-json\/wp\/v2\/pages\/3165","targetHints":{"allow":["GET"]}}],"collection":[{"href":"https:\/\/thinkcareurope.com\/pt\/wp-json\/wp\/v2\/pages"}],"about":[{"href":"https:\/\/thinkcareurope.com\/pt\/wp-json\/wp\/v2\/types\/page"}],"author":[{"embeddable":true,"href":"https:\/\/thinkcareurope.com\/pt\/wp-json\/wp\/v2\/users\/1"}],"replies":[{"embeddable":true,"href":"https:\/\/thinkcareurope.com\/pt\/wp-json\/wp\/v2\/comments?post=3165"}],"version-history":[{"count":0,"href":"https:\/\/thinkcareurope.com\/pt\/wp-json\/wp\/v2\/pages\/3165\/revisions"}],"wp:attachment":[{"href":"https:\/\/thinkcareurope.com\/pt\/wp-json\/wp\/v2\/media?parent=3165"}],"curies":[{"name":"wp","href":"https:\/\/api.w.org\/{rel}","templated":true}]}}