{"id":2294,"date":"2025-09-16T15:08:30","date_gmt":"2025-09-16T15:08:30","guid":{"rendered":"https:\/\/lambdastaging.es\/request-quote\/"},"modified":"2025-11-19T12:34:33","modified_gmt":"2025-11-19T12:34:33","slug":"request-quote","status":"publish","type":"page","link":"https:\/\/thinkcareurope.com\/pt\/request-quote\/","title":{"rendered":"Solicita un presupuesto"},"content":{"rendered":"<div data-elementor-type=\"wp-page\" data-elementor-id=\"2294\" class=\"elementor elementor-2294\" data-elementor-post-type=\"page\">\n\t\t\t\t\t\t<section class=\"elementor-section elementor-top-section elementor-element elementor-element-3e00303 elementor-section-boxed elementor-section-height-default elementor-section-height-default\" data-id=\"3e00303\" data-element_type=\"section\" data-e-type=\"section\">\n\t\t\t\t\t\t<div class=\"elementor-container elementor-column-gap-default\">\n\t\t\t\t\t<div class=\"elementor-column elementor-col-100 elementor-top-column elementor-element elementor-element-c4d4711\" data-id=\"c4d4711\" data-element_type=\"column\" data-e-type=\"column\">\n\t\t\t<div class=\"elementor-widget-wrap elementor-element-populated\">\n\t\t\t\t\t\t<div class=\"elementor-element elementor-element-19c8f3f elementor-widget elementor-widget-heading\" data-id=\"19c8f3f\" data-element_type=\"widget\" data-e-type=\"widget\" data-widget_type=\"heading.default\">\n\t\t\t\t<div class=\"elementor-widget-container\">\n\t\t\t\t\t<h2 class=\"elementor-heading-title elementor-size-default\">Solicita un presupuesto<\/h2>\t\t\t\t<\/div>\n\t\t\t\t<\/div>\n\t\t\t\t\t<\/div>\n\t\t<\/div>\n\t\t\t\t\t<\/div>\n\t\t<\/section>\n\t\t\t\t<section class=\"elementor-section elementor-top-section elementor-element elementor-element-3de12151 elementor-section-boxed elementor-section-height-default elementor-section-height-default\" data-id=\"3de12151\" data-element_type=\"section\" data-e-type=\"section\">\n\t\t\t\t\t\t<div class=\"elementor-container elementor-column-gap-default\">\n\t\t\t\t\t<div class=\"elementor-column elementor-col-100 elementor-top-column elementor-element elementor-element-586be5c7\" data-id=\"586be5c7\" data-element_type=\"column\" data-e-type=\"column\">\n\t\t\t<div class=\"elementor-widget-wrap elementor-element-populated\">\n\t\t\t\t\t\t<div class=\"elementor-element elementor-element-78478452 elementor-widget elementor-widget-text-editor\" data-id=\"78478452\" data-element_type=\"widget\" data-e-type=\"widget\" data-widget_type=\"text-editor.default\">\n\t\t\t\t<div class=\"elementor-widget-container\">\n\t\t\t\t\t\t\t\t\t<div class=\"woocommerce ywraq-wrapper ywraq-empty\">\n<div id=\"yith-ywraq-message\">\n<div class=\"ywraq-question-message\">\n\t<\/div>\n<\/div>\n<div class=\"ywraq-form-table-wrapper vertical\">\n<div class=\"ywraq-before-form\">\n<p class=\"ywraq_list_empty_message\">Your list is empty, add products to the list to send a request<\/p>\n<p><p class=\"return-to-shop\"><a class=\"button wc-backward\" href=\"https:\/\/thinkcareurope.com\/pt\/tienda\/\">Volver a la tienda<\/a><\/p>\n<\/div><\/div>\n<\/p><\/div><\/p>\n\t\t\t\t\t\t\t\t<\/div>\n\t\t\t\t<\/div>\n\t\t\t\t\t<\/div>\n\t\t<\/div>\n\t\t\t\t\t<\/div>\n\t\t<\/section>\n\t\t\t\t<\/div>","protected":false},"excerpt":{"rendered":"<p>Solicita un presupuesto<\/p>","protected":false},"author":1,"featured_media":0,"parent":0,"menu_order":0,"comment_status":"closed","ping_status":"closed","template":"","meta":{"site-sidebar-layout":"default","site-content-layout":"","ast-site-content-layout":"normal-width-container","site-content-style":"default","site-sidebar-style":"default","ast-global-header-display":"","ast-banner-title-visibility":"","ast-main-header-display":"","ast-hfb-above-header-display":"","ast-hfb-below-header-display":"","ast-hfb-mobile-header-display":"","site-post-title":"","ast-breadcrumbs-content":"","ast-featured-img":"","footer-sml-layout":"","ast-disable-related-posts":"","theme-transparent-header-meta":"default","adv-header-id-meta":"","stick-header-meta":"default","header-above-stick-meta":"","header-main-stick-meta":"","header-below-stick-meta":"","astra-migrate-meta-layouts":"set","ast-page-background-enabled":"default","ast-page-background-meta":{"desktop":{"background-color":"var(--ast-global-color-4)","background-image":"","background-repeat":"repeat","background-position":"center center","background-size":"auto","background-attachment":"scroll","background-type":"","background-media":"","overlay-type":"","overlay-color":"","overlay-opacity":"","overlay-gradient":""},"tablet":{"background-color":"","background-image":"","background-repeat":"repeat","background-position":"center center","background-size":"auto","background-attachment":"scroll","background-type":"","background-media":"","overlay-type":"","overlay-color":"","overlay-opacity":"","overlay-gradient":""},"mobile":{"background-color":"","background-image":"","background-repeat":"repeat","background-position":"center center","background-size":"auto","background-attachment":"scroll","background-type":"","background-media":"","overlay-type":"","overlay-color":"","overlay-opacity":"","overlay-gradient":""}},"ast-content-background-meta":{"desktop":{"background-color":"var(--ast-global-color-5)","background-image":"","background-repeat":"repeat","background-position":"center center","background-size":"auto","background-attachment":"scroll","background-type":"","background-media":"","overlay-type":"","overlay-color":"","overlay-opacity":"","overlay-gradient":""},"tablet":{"background-color":"var(--ast-global-color-5)","background-image":"","background-repeat":"repeat","background-position":"center center","background-size":"auto","background-attachment":"scroll","background-type":"","background-media":"","overlay-type":"","overlay-color":"","overlay-opacity":"","overlay-gradient":""},"mobile":{"background-color":"var(--ast-global-color-5)","background-image":"","background-repeat":"repeat","background-position":"center center","background-size":"auto","background-attachment":"scroll","background-type":"","background-media":"","overlay-type":"","overlay-color":"","overlay-opacity":"","overlay-gradient":""}},"footnotes":""},"class_list":["post-2294","page","type-page","status-publish","hentry"],"yoast_head":"<!-- This site is optimized with the Yoast SEO plugin v27.4 - https:\/\/yoast.com\/product\/yoast-seo-wordpress\/ -->\n<title>Solicita un presupuesto - THINKCAR Europe<\/title>\n<meta name=\"robots\" content=\"index, follow, max-snippet:-1, max-image-preview:large, max-video-preview:-1\" \/>\n<link rel=\"canonical\" href=\"https:\/\/thinkcareurope.com\/pt\/request-quote\/\" \/>\n<meta property=\"og:locale\" content=\"pt_PT\" \/>\n<meta property=\"og:type\" content=\"article\" \/>\n<meta property=\"og:title\" content=\"Solicita un presupuesto - THINKCAR Europe\" \/>\n<meta property=\"og:description\" content=\"Solicita un presupuesto\" \/>\n<meta property=\"og:url\" content=\"https:\/\/thinkcareurope.com\/pt\/request-quote\/\" \/>\n<meta property=\"og:site_name\" content=\"THINKCAR Europe\" \/>\n<meta property=\"article:publisher\" content=\"https:\/\/www.facebook.com\/EfiTaller\/\" \/>\n<meta property=\"article:modified_time\" content=\"2025-11-19T12:34:33+00:00\" \/>\n<meta name=\"twitter:card\" content=\"summary_large_image\" \/>\n<meta name=\"twitter:label1\" content=\"Tempo estimado de leitura\" \/>\n\t<meta name=\"twitter:data1\" content=\"1 minuto\" \/>\n<script type=\"application\/ld+json\" class=\"yoast-schema-graph\">{\"@context\":\"https:\\\/\\\/schema.org\",\"@graph\":[{\"@type\":\"WebPage\",\"@id\":\"https:\\\/\\\/thinkcareurope.com\\\/request-quote\\\/\",\"url\":\"https:\\\/\\\/thinkcareurope.com\\\/request-quote\\\/\",\"name\":\"Solicita un presupuesto - THINKCAR Europe\",\"isPartOf\":{\"@id\":\"https:\\\/\\\/thinkcareurope.com\\\/#website\"},\"datePublished\":\"2025-09-16T15:08:30+00:00\",\"dateModified\":\"2025-11-19T12:34:33+00:00\",\"breadcrumb\":{\"@id\":\"https:\\\/\\\/thinkcareurope.com\\\/request-quote\\\/#breadcrumb\"},\"inLanguage\":\"pt-PT\",\"potentialAction\":[{\"@type\":\"ReadAction\",\"target\":[\"https:\\\/\\\/thinkcareurope.com\\\/request-quote\\\/\"]}]},{\"@type\":\"BreadcrumbList\",\"@id\":\"https:\\\/\\\/thinkcareurope.com\\\/request-quote\\\/#breadcrumb\",\"itemListElement\":[{\"@type\":\"ListItem\",\"position\":1,\"name\":\"Portada\",\"item\":\"https:\\\/\\\/thinkcareurope.com\\\/\"},{\"@type\":\"ListItem\",\"position\":2,\"name\":\"Solicita un presupuesto\"}]},{\"@type\":\"WebSite\",\"@id\":\"https:\\\/\\\/thinkcareurope.com\\\/#website\",\"url\":\"https:\\\/\\\/thinkcareurope.com\\\/\",\"name\":\"THINKCAR Europe\",\"description\":\"Equipos de diagn\u00f3stico profesional ThinkCar, ideales para talleres que buscan rapidez, precisi\u00f3n y cobertura total en veh\u00edculos t\u00e9rmicos, h\u00edbridos y el\u00e9ctricos.\",\"publisher\":{\"@id\":\"https:\\\/\\\/thinkcareurope.com\\\/#organization\"},\"potentialAction\":[{\"@type\":\"SearchAction\",\"target\":{\"@type\":\"EntryPoint\",\"urlTemplate\":\"https:\\\/\\\/thinkcareurope.com\\\/?s={search_term_string}\"},\"query-input\":{\"@type\":\"PropertyValueSpecification\",\"valueRequired\":true,\"valueName\":\"search_term_string\"}}],\"inLanguage\":\"pt-PT\"},{\"@type\":\"Organization\",\"@id\":\"https:\\\/\\\/thinkcareurope.com\\\/#organization\",\"name\":\"THINKCAR Europe\",\"url\":\"https:\\\/\\\/thinkcareurope.com\\\/\",\"logo\":{\"@type\":\"ImageObject\",\"inLanguage\":\"pt-PT\",\"@id\":\"https:\\\/\\\/thinkcareurope.com\\\/#\\\/schema\\\/logo\\\/image\\\/\",\"url\":\"https:\\\/\\\/thinkcareurope.com\\\/wp-content\\\/uploads\\\/2025\\\/10\\\/Logo-THINKCAR-EUROPE.svg\",\"contentUrl\":\"https:\\\/\\\/thinkcareurope.com\\\/wp-content\\\/uploads\\\/2025\\\/10\\\/Logo-THINKCAR-EUROPE.svg\",\"width\":77,\"height\":32,\"caption\":\"THINKCAR Europe\"},\"image\":{\"@id\":\"https:\\\/\\\/thinkcareurope.com\\\/#\\\/schema\\\/logo\\\/image\\\/\"},\"sameAs\":[\"https:\\\/\\\/www.facebook.com\\\/EfiTaller\\\/\",\"https:\\\/\\\/www.linkedin.com\\\/company\\\/108947980\\\/\"]}]}<\/script>\n<!-- \/ Yoast SEO plugin. -->","yoast_head_json":{"title":"Solicita un presupuesto - THINKCAR Europe","robots":{"index":"index","follow":"follow","max-snippet":"max-snippet:-1","max-image-preview":"max-image-preview:large","max-video-preview":"max-video-preview:-1"},"canonical":"https:\/\/thinkcareurope.com\/pt\/request-quote\/","og_locale":"pt_PT","og_type":"article","og_title":"Solicita un presupuesto - THINKCAR Europe","og_description":"Solicita un presupuesto","og_url":"https:\/\/thinkcareurope.com\/pt\/request-quote\/","og_site_name":"THINKCAR Europe","article_publisher":"https:\/\/www.facebook.com\/EfiTaller\/","article_modified_time":"2025-11-19T12:34:33+00:00","twitter_card":"summary_large_image","twitter_misc":{"Tempo estimado de leitura":"1 minuto"},"schema":{"@context":"https:\/\/schema.org","@graph":[{"@type":"WebPage","@id":"https:\/\/thinkcareurope.com\/request-quote\/","url":"https:\/\/thinkcareurope.com\/request-quote\/","name":"Solicita un presupuesto - THINKCAR Europe","isPartOf":{"@id":"https:\/\/thinkcareurope.com\/#website"},"datePublished":"2025-09-16T15:08:30+00:00","dateModified":"2025-11-19T12:34:33+00:00","breadcrumb":{"@id":"https:\/\/thinkcareurope.com\/request-quote\/#breadcrumb"},"inLanguage":"pt-PT","potentialAction":[{"@type":"ReadAction","target":["https:\/\/thinkcareurope.com\/request-quote\/"]}]},{"@type":"BreadcrumbList","@id":"https:\/\/thinkcareurope.com\/request-quote\/#breadcrumb","itemListElement":[{"@type":"ListItem","position":1,"name":"Portada","item":"https:\/\/thinkcareurope.com\/"},{"@type":"ListItem","position":2,"name":"Solicita un presupuesto"}]},{"@type":"WebSite","@id":"https:\/\/thinkcareurope.com\/#website","url":"https:\/\/thinkcareurope.com\/","name":"THINKCAR Europe","description":"Equipos de diagn\u00f3stico profesional ThinkCar, ideales para talleres que buscan rapidez, precisi\u00f3n y cobertura total en veh\u00edculos t\u00e9rmicos, h\u00edbridos y el\u00e9ctricos.","publisher":{"@id":"https:\/\/thinkcareurope.com\/#organization"},"potentialAction":[{"@type":"SearchAction","target":{"@type":"EntryPoint","urlTemplate":"https:\/\/thinkcareurope.com\/?s={search_term_string}"},"query-input":{"@type":"PropertyValueSpecification","valueRequired":true,"valueName":"search_term_string"}}],"inLanguage":"pt-PT"},{"@type":"Organization","@id":"https:\/\/thinkcareurope.com\/#organization","name":"THINKCAR Europe","url":"https:\/\/thinkcareurope.com\/","logo":{"@type":"ImageObject","inLanguage":"pt-PT","@id":"https:\/\/thinkcareurope.com\/#\/schema\/logo\/image\/","url":"https:\/\/thinkcareurope.com\/wp-content\/uploads\/2025\/10\/Logo-THINKCAR-EUROPE.svg","contentUrl":"https:\/\/thinkcareurope.com\/wp-content\/uploads\/2025\/10\/Logo-THINKCAR-EUROPE.svg","width":77,"height":32,"caption":"THINKCAR Europe"},"image":{"@id":"https:\/\/thinkcareurope.com\/#\/schema\/logo\/image\/"},"sameAs":["https:\/\/www.facebook.com\/EfiTaller\/","https:\/\/www.linkedin.com\/company\/108947980\/"]}]}},"_links":{"self":[{"href":"https:\/\/thinkcareurope.com\/pt\/wp-json\/wp\/v2\/pages\/2294","targetHints":{"allow":["GET"]}}],"collection":[{"href":"https:\/\/thinkcareurope.com\/pt\/wp-json\/wp\/v2\/pages"}],"about":[{"href":"https:\/\/thinkcareurope.com\/pt\/wp-json\/wp\/v2\/types\/page"}],"author":[{"embeddable":true,"href":"https:\/\/thinkcareurope.com\/pt\/wp-json\/wp\/v2\/users\/1"}],"replies":[{"embeddable":true,"href":"https:\/\/thinkcareurope.com\/pt\/wp-json\/wp\/v2\/comments?post=2294"}],"version-history":[{"count":7,"href":"https:\/\/thinkcareurope.com\/pt\/wp-json\/wp\/v2\/pages\/2294\/revisions"}],"predecessor-version":[{"id":5793,"href":"https:\/\/thinkcareurope.com\/pt\/wp-json\/wp\/v2\/pages\/2294\/revisions\/5793"}],"wp:attachment":[{"href":"https:\/\/thinkcareurope.com\/pt\/wp-json\/wp\/v2\/media?parent=2294"}],"curies":[{"name":"wp","href":"https:\/\/api.w.org\/{rel}","templated":true}]}}